{"id":19,"date":"2015-09-01T16:55:30","date_gmt":"2015-09-01T16:55:30","guid":{"rendered":"http:\/\/ginderich.de\/?page_id=19"},"modified":"2016-11-14T08:25:41","modified_gmt":"2016-11-14T08:25:41","slug":"wallfahrt","status":"publish","type":"page","link":"http:\/\/ginderich.de\/?page_id=19","title":{"rendered":"Wallfahrt"},"content":{"rendered":"<p>Liebe Pilgerinnen und Pilger!<\/p>\n<p>Die Pfarrgemeinde St. Ulrich hei\u00dft Sie in ihrer Wallfahrtskirche St. Mari\u00e4 Himmelfahrt zu Wesel-Ginderich ganz herzlich willkommen und l\u00e4dt Sie ein, unser Gnadenbild <strong>Maria, K\u00f6nigin des Friedens<\/strong> zu besuchen<a href=\"http:\/\/ginderich.de\/wp-content\/uploads\/2015\/09\/Madonna-freigestellt.jpg\"><img loading=\"lazy\" class=\"alignright wp-image-33 size-large\" src=\"http:\/\/ginderich.de\/wp-content\/uploads\/2015\/09\/Madonna-freigestellt-326x1024.jpg\" alt=\"Madonna freigestellt\" width=\"326\" height=\"1024\" srcset=\"http:\/\/ginderich.de\/wp-content\/uploads\/2015\/09\/Madonna-freigestellt-326x1024.jpg 326w, http:\/\/ginderich.de\/wp-content\/uploads\/2015\/09\/Madonna-freigestellt.jpg 548w\" sizes=\"(max-width: 326px) 100vw, 326px\" \/><\/a><\/p>\n<p>Sch\u00f6pfen Sie Kraft und Trost bei der Betrachtung unseres Gnadenbildes.<\/p>\n<p><a href=\"http:\/\/ginderich.de\/wp-content\/uploads\/2015\/09\/Flyer-Wallfahrt-2015.pdf\">Flyer Wallfahrt 2015<\/a><\/p>\n<p><strong><span style=\"color: #3366ff;\">Offene Kirche:<\/span><\/strong><br \/>\n<span style=\"color: #3366ff;\">In der Wallfahrtzeit von Mai bis Ende Oktober jeweils<\/span><br \/>\n<span style=\"color: #3366ff;\">mittwochs, samstags und sonntags von 10.00 bis 18.00 Uhr.<\/span><\/p>\n<p><strong>Zur Geschichte<\/strong><br \/>\nIhre \u00e4lteste Erw\u00e4hnung findet unsere Wallfahrt in einer Urkunde des K\u00f6lner Erzbischofs Philipp von Heinsberg aus dem Jahr 1190. Dort ist von \u201eWundern und Gnadenerweisen\u201c unseres Marienbildes die Rede.<\/p>\n<p>Im Jahr 1524 wird die Gindericher Marientracht, die gro\u00dfe Prozession mit dem Gnadenbild durch den Ort an Kirchweih, in einer p\u00e4pstlichen Bulle von Papst Clemens VII. best\u00e4tigt. Im Kontext der Wallfahrt entsteht im 15. Jahrhundert eine Leprosenbruderschaft, Vorl\u00e4ufer wohl der 1643 gegr\u00fcndeten Junggesellen-Sch\u00fctzenbruderschaft. Aus dieser Zeit stammen einige bedeutende Kunstwerke, die sich noch heute in unserer Wallfahrtskirche befinden.<\/p>\n<p><a href=\"http:\/\/ginderich.de\/wp-content\/uploads\/2015\/09\/Innen.jpg\"><img loading=\"lazy\" class=\"alignnone wp-image-34 size-full\" src=\"http:\/\/ginderich.de\/wp-content\/uploads\/2015\/09\/Innen.jpg\" alt=\"Innen\" width=\"916\" height=\"604\" srcset=\"http:\/\/ginderich.de\/wp-content\/uploads\/2015\/09\/Innen.jpg 916w, http:\/\/ginderich.de\/wp-content\/uploads\/2015\/09\/Innen-300x198.jpg 300w\" sizes=\"(max-width: 916px) 100vw, 916px\" \/><\/a><\/p>\n<p>In der zweiten H\u00e4lfte des 17. Jahrhunderts hatte der protestantische Kurf\u00fcrst Friedrich Wilhelm I. im Herzogtum Kleve das Wallfahren weitgehend verboten. F\u00fcr den \u00e4ltesten Marienwallfahrtsort am Niederrhein bedeutet der Entzug des Prozessionsrechts f\u00fcr 365 Jahre das Aus. Nach einer gr\u00fcndlichen Renovierung und Restaurierung der Wallfahrtskirche hat der M\u00fcnsteraner Bischof Reinhard Lettmann im Jahre 2005 die Gindericher Kirche wieder in den Kreis der Wallfahrtsorte der Di\u00f6zese aufgenommen. Diese Botschaft, verk\u00fcndet vom Weihbischof Heinrich Janssen am 13. Dezember 2005, war ein Geschenk f\u00fcr die ganze Gemeinde und das Umland.<\/p>\n<p>Wir in Ginderich reihen uns freudig ein in die Gruppe der Wallfahrtsorte und sind gerne eine Station auf dem Pilgerweg am Niederrhein. Kommen Sie, f\u00fchlen Sie sich eingeladen zum Gnadenbild<\/p>\n<p><strong>Maria, K\u00f6nigin des Friedens<\/strong><\/p>\n<p>Link zur Wallfahrtsseite der Pfarrei St. Ulrich:<a href=\"http:\/\/www.pfarrei-stulrich.de\/index.php\/ginderich\/wallfahrt\"><br \/>\nhttp:\/\/www.pfarrei-stulrich.de\/index.php\/ginderich\/wallfahrt<\/a><\/p>\n<p>Link zur Pfarrei Katholischen Kirchengemeide St. Ulrich:<br \/>\n<a href=\"http:\/\/www.pfarrei-stulrich.de\/\">http:\/\/www.pfarrei-stulrich.de\/<\/a><\/p>\n<p>Bilder<br \/>\nBeitragsbild: Stefan D\u00f6ring<br \/>\nMarienbild: Antony Vanslembrouck<br \/>\nInnenraum: Rainer J\u00fcngling<\/p>\n<p>&nbsp;<\/p>\n","protected":false},"excerpt":{"rendered":"<p>Liebe Pilgerinnen und Pilger! Die Pfarrgemeinde St. Ulrich hei\u00dft Sie in ihrer Wallfahrtskirche St. Mari\u00e4 Himmelfahrt zu Wesel-Ginderich ganz herzlich willkommen und l\u00e4dt Sie ein, unser Gnadenbild Maria, K\u00f6nigin des Friedens zu besuchen Sch\u00f6pfen Sie Kraft und Trost bei der Betrachtung unseres Gnadenbildes. Flyer Wallfahrt 2015 Offene Kirche: In der Wallfahrtzeit von Mai bis Ende &hellip; <a href=\"http:\/\/ginderich.de\/?page_id=19\" class=\"more-link\"><span class=\"screen-reader-text\">Wallfahrt<\/span> weiterlesen<\/a><\/p>\n","protected":false},"author":3,"featured_media":528,"parent":0,"menu_order":0,"comment_status":"closed","ping_status":"closed","template":"","meta":[],"_links":{"self":[{"href":"http:\/\/ginderich.de\/index.php?rest_route=\/wp\/v2\/pages\/19"}],"collection":[{"href":"http:\/\/ginderich.de\/index.php?rest_route=\/wp\/v2\/pages"}],"about":[{"href":"http:\/\/ginderich.de\/index.php?rest_route=\/wp\/v2\/types\/page"}],"author":[{"embeddable":true,"href":"http:\/\/ginderich.de\/index.php?rest_route=\/wp\/v2\/users\/3"}],"replies":[{"embeddable":true,"href":"http:\/\/ginderich.de\/index.php?rest_route=%2Fwp%2Fv2%2Fcomments&post=19"}],"version-history":[{"count":10,"href":"http:\/\/ginderich.de\/index.php?rest_route=\/wp\/v2\/pages\/19\/revisions"}],"predecessor-version":[{"id":435,"href":"http:\/\/ginderich.de\/index.php?rest_route=\/wp\/v2\/pages\/19\/revisions\/435"}],"wp:featuredmedia":[{"embeddable":true,"href":"http:\/\/ginderich.de\/index.php?rest_route=\/wp\/v2\/media\/528"}],"wp:attachment":[{"href":"http:\/\/ginderich.de\/index.php?rest_route=%2Fwp%2Fv2%2Fmedia&parent=19"}],"curies":[{"name":"wp","href":"https:\/\/api.w.org\/{rel}","templated":true}]}}